{"id":1639,"date":"2021-04-21T08:42:48","date_gmt":"2021-04-21T06:42:48","guid":{"rendered":"https:\/\/www.at2serveis.com\/avis-legal\/"},"modified":"2025-08-08T18:20:45","modified_gmt":"2025-08-08T16:20:45","slug":"aviso-legal","status":"publish","type":"page","link":"https:\/\/www.at2serveis.com\/es\/aviso-legal\/","title":{"rendered":"Aviso Legal"},"content":{"rendered":"\t\t<div data-elementor-type=\"wp-page\" data-elementor-id=\"1639\" class=\"elementor elementor-1639 elementor-56\" data-elementor-post-type=\"page\">\n\t\t\t\t<div class=\"elementor-element elementor-element-72e1299 e-flex e-con-boxed e-con e-parent\" data-id=\"72e1299\" data-element_type=\"container\">\n\t\t\t\t\t<div class=\"e-con-inner\">\n\t\t<div class=\"elementor-element elementor-element-2ef08e4 e-con-full e-flex e-con e-child\" data-id=\"2ef08e4\" data-element_type=\"container\">\n\t\t\t\t<div class=\"elementor-element elementor-element-d379851 elementor-widget elementor-widget-heading\" data-id=\"d379851\" data-element_type=\"widget\" data-widget_type=\"heading.default\">\n\t\t\t\t<div class=\"elementor-widget-container\">\n\t\t\t\t\t<h1 class=\"elementor-heading-title elementor-size-default\">Aviso legal<\/h1>\t\t\t\t<\/div>\n\t\t\t\t<\/div>\n\t\t\t\t<div class=\"elementor-element elementor-element-d3c52a5 elementor-widget elementor-widget-text-editor\" data-id=\"d3c52a5\" data-element_type=\"widget\" data-widget_type=\"text-editor.default\">\n\t\t\t\t<div class=\"elementor-widget-container\">\n\t\t\t\t\t\t\t\t\t<p class=\"font_8 wixui-rich-text__text\"><span class=\"wixui-rich-text__text\">Informaci\u00f3n de Conformidad con el art\u00edculo 10 de la LSSI<\/span><\/p><p class=\"font_8 wixui-rich-text__text\">La titular de esta web es:<\/p><ul><li class=\"font_8 wixui-rich-text__text\">Identidad: AT2 SERVEIS GESTI\u00d3 EN EDIFICACI\u00d3 SLP<\/li><li class=\"font_8 wixui-rich-text__text\">NIF: B17825415<\/li><li class=\"font_8 wixui-rich-text__text\">Direcci\u00f3n: C\/ Salt, 19 entresuelo A 17005 Girona<\/li><li class=\"font_8 wixui-rich-text__text\">Tel.: 872028723 &#8211; 640354731 &#8211; 640354993<\/li><li class=\"font_8 wixui-rich-text__text\">Email:\u00a0<a class=\"wixui-rich-text__text\" href=\"mailto:aperte.at2@gmail.com\" data-auto-recognition=\"true\">apertegas@<\/a>at2serveis.com &#8211; lluispaez.at2@gmail.com<\/li><\/ul><p class=\"font_8 wixui-rich-text__text\">Inscrita en el Registro Mercantil de Girona, inscripci\u00f3n 1\u00aa Volumen 2204, Folio 30, Secci\u00f3n 8, Hoja GI 36582<\/p><p class=\"font_8 wixui-rich-text__text\"><strong><span class=\"wixui-rich-text__text\">Condiciones de uso<br \/><\/span><\/strong>El uso de esta web implica la aceptaci\u00f3n plena de los t\u00e9rminos y condiciones del presente aviso legal. Los posibles conflictos relativos a esta web se regir\u00e1n exclusivamente por el derecho del Estado espa\u00f1ol. Toda persona usuaria de la web, independientemente de la jurisdicci\u00f3n territorial desde la cual se produzca su acceso, acepta el cumplimiento y respeto de estas cl\u00e1usulas con renuncia expresa a cualquier otro fuero que le pudiera corresponder.<\/p><p class=\"font_8 wixui-rich-text__text\"><strong><span class=\"wixui-rich-text__text\">Propiedad intelectual e industrial<br \/><\/span><\/strong>La totalidad del contenido de este sitio web, ya sean textos, im\u00e1genes, sonidos, marcas, logotipos u otros elementos, as\u00ed como subestructura, dise\u00f1o, combinaciones de colores o forma de presentaci\u00f3n de los materiales, est\u00e1n protegidos por derechos de propiedad industrial e intelectual que el usuario de este sitio web debe respetar. No es l\u00edcita su transformaci\u00f3n o alteraci\u00f3n, comunicaci\u00f3n p\u00fablica o cualquier otra forma de explotaci\u00f3n por cualquier procedimiento sin la autorizaci\u00f3n expresa de AT2 SERVEIS GESTI\u00d3 EN EDIFICACI\u00d3 SLP.<\/p><p class=\"font_8 wixui-rich-text__text\"><strong><span class=\"wixui-rich-text__text\">Responsabilidad sobre los contenidos<br \/><\/span><\/strong>Aunque AT2 SERVEIS GESTI\u00d3 EN EDIFICACI\u00d3 SLP act\u00faa con la m\u00e1xima diligencia posible, puede darse el caso de que alg\u00fan dato o informaci\u00f3n no est\u00e9 totalmente actualizada en el momento en que el usuario del sitio web lo consulte. Por ello, las informaciones que se presentan en esta web tienen una funci\u00f3n orientativa y no obligan a AT2 SERVEIS GESTI\u00d3 EN EDIFICACI\u00d3 SLP.<\/p><p class=\"font_8 wixui-rich-text__text\">AT2 SERVEIS GESTI\u00d3 EN EDIFICACI\u00d3 SLP no ser\u00e1 responsable de la informaci\u00f3n que se pueda obtener a trav\u00e9s de enlaces incluidos en su web.<\/p><p class=\"font_8 wixui-rich-text__text\">AT2 SERVEIS GESTI\u00d3 EN EDIFICACI\u00d3 SLP se reserva la facultad de realizar, en cualquier momento y sin necesidad de previo aviso, modificaciones o actualizaciones de la informaci\u00f3n y de cualquiera de los elementos que integran el dise\u00f1o y configuraci\u00f3n de la p\u00e1gina web.<\/p><p class=\"font_8 wixui-rich-text__text\"><strong><span class=\"wixui-rich-text__text\">Ley aplicable y jurisdicci\u00f3n<br \/><\/span><\/strong>El uso de este sitio web implica la aceptaci\u00f3n plena de los t\u00e9rminos y condiciones en el presente aviso legal. Los posibles conflictos relativos a esta web se regir\u00e1n exclusivamente por la legislaci\u00f3n espa\u00f1ola, siendo competentes los Juzgados y Tribunales espa\u00f1oles para conocer cualquier cuesti\u00f3n que se suscite sobre ella. El usuario, en virtud de su aceptaci\u00f3n, renuncia expresamente a cualquier fuero que por aplicaci\u00f3n de la Ley de Enjuiciamiento Civil vigente le pudiera corresponder.<\/p>\t\t\t\t\t\t\t\t<\/div>\n\t\t\t\t<\/div>\n\t\t\t\t<\/div>\n\t\t\t\t\t<\/div>\n\t\t\t\t<\/div>\n\t\t\t\t<\/div>\n\t\t","protected":false},"excerpt":{"rendered":"<p>Aviso legal Informaci\u00f3n de Conformidad con el art\u00edculo 10 de la LSSI La titular de esta web es: Identidad: AT2 SERVEIS GESTI\u00d3 EN EDIFICACI\u00d3 SLP NIF: B17825415 Direcci\u00f3n: C\/ Salt, 19 entresuelo A 17005 Girona Tel.: 872028723 &#8211; 640354731 &#8211; 640354993 Email:\u00a0apertegas@at2serveis.com &#8211; lluispaez.at2@gmail.com Inscrita en el Registro Mercantil de Girona, inscripci\u00f3n 1\u00aa Volumen 2204,&hellip;&nbsp;<a href=\"https:\/\/www.at2serveis.com\/es\/aviso-legal\/\" rel=\"bookmark\">Leer m\u00e1s &raquo;<span class=\"screen-reader-text\">Aviso Legal<\/span><\/a><\/p>\n","protected":false},"author":1,"featured_media":0,"parent":0,"menu_order":0,"comment_status":"closed","ping_status":"closed","template":"","meta":{"_acf_changed":false,"neve_meta_sidebar":"","neve_meta_container":"","neve_meta_enable_content_width":"off","neve_meta_content_width":100,"neve_meta_title_alignment":"","neve_meta_author_avatar":"","neve_post_elements_order":"","neve_meta_disable_header":"","neve_meta_disable_footer":"","neve_meta_disable_title":"","footnotes":""},"class_list":["post-1639","page","type-page","status-publish","hentry"],"acf":[],"yoast_head":"<!-- This site is optimized with the Yoast SEO plugin v25.5 - https:\/\/yoast.com\/wordpress\/plugins\/seo\/ -->\n<title>Aviso Legal | AT2 SERVEIS<\/title>\n<meta name=\"robots\" content=\"noindex, follow\" \/>\n<meta property=\"og:locale\" content=\"es_ES\" \/>\n<meta property=\"og:type\" content=\"article\" \/>\n<meta property=\"og:title\" content=\"Aviso Legal | AT2 SERVEIS\" \/>\n<meta property=\"og:description\" content=\"Aviso legal Informaci\u00f3n de Conformidad con el art\u00edculo 10 de la LSSI La titular de esta web es: Identidad: AT2 SERVEIS GESTI\u00d3 EN EDIFICACI\u00d3 SLP NIF: B17825415 Direcci\u00f3n: C\/ Salt, 19 entresuelo A 17005 Girona Tel.: 872028723 &#8211; 640354731 &#8211; 640354993 Email:\u00a0apertegas@at2serveis.com &#8211; lluispaez.at2@gmail.com Inscrita en el Registro Mercantil de Girona, inscripci\u00f3n 1\u00aa Volumen 2204,&hellip;&nbsp;Leer m\u00e1s &raquo;Aviso Legal\" \/>\n<meta property=\"og:url\" content=\"https:\/\/www.at2serveis.com\/es\/aviso-legal\/\" \/>\n<meta property=\"og:site_name\" content=\"AT2 SERVEIS\" \/>\n<meta property=\"article:modified_time\" content=\"2025-08-08T16:20:45+00:00\" \/>\n<meta property=\"og:image\" content=\"https:\/\/www.at2serveis.com\/wp-content\/uploads\/2025\/02\/logo-at2-serveis.png\" \/>\n\t<meta property=\"og:image:width\" content=\"1280\" \/>\n\t<meta property=\"og:image:height\" content=\"720\" \/>\n\t<meta property=\"og:image:type\" content=\"image\/png\" \/>\n<meta name=\"twitter:card\" content=\"summary_large_image\" \/>\n<meta name=\"twitter:label1\" content=\"Tiempo de lectura\" \/>\n\t<meta name=\"twitter:data1\" content=\"2 minutos\" \/>\n<script type=\"application\/ld+json\" class=\"yoast-schema-graph\">{\"@context\":\"https:\/\/schema.org\",\"@graph\":[{\"@type\":\"WebPage\",\"@id\":\"https:\/\/www.at2serveis.com\/es\/aviso-legal\/\",\"url\":\"https:\/\/www.at2serveis.com\/es\/aviso-legal\/\",\"name\":\"Aviso Legal | AT2 SERVEIS\",\"isPartOf\":{\"@id\":\"https:\/\/www.at2serveis.com\/es\/#website\"},\"datePublished\":\"2021-04-21T06:42:48+00:00\",\"dateModified\":\"2025-08-08T16:20:45+00:00\",\"breadcrumb\":{\"@id\":\"https:\/\/www.at2serveis.com\/es\/aviso-legal\/#breadcrumb\"},\"inLanguage\":\"es\",\"potentialAction\":[{\"@type\":\"ReadAction\",\"target\":[\"https:\/\/www.at2serveis.com\/es\/aviso-legal\/\"]}]},{\"@type\":\"BreadcrumbList\",\"@id\":\"https:\/\/www.at2serveis.com\/es\/aviso-legal\/#breadcrumb\",\"itemListElement\":[{\"@type\":\"ListItem\",\"position\":1,\"name\":\"Inici\",\"item\":\"https:\/\/www.at2serveis.com\/es\/home\/\"},{\"@type\":\"ListItem\",\"position\":2,\"name\":\"Aviso Legal\"}]},{\"@type\":\"WebSite\",\"@id\":\"https:\/\/www.at2serveis.com\/es\/#website\",\"url\":\"https:\/\/www.at2serveis.com\/es\/\",\"name\":\"AT2 SERVEIS\",\"description\":\"Direcci\u00f3 i gesti\u00f3 d&#039;obra\",\"publisher\":{\"@id\":\"https:\/\/www.at2serveis.com\/es\/#organization\"},\"alternateName\":\"AT2 SERVEIS - Gesti\u00f3 en edificaci\u00f3\",\"potentialAction\":[{\"@type\":\"SearchAction\",\"target\":{\"@type\":\"EntryPoint\",\"urlTemplate\":\"https:\/\/www.at2serveis.com\/es\/?s={search_term_string}\"},\"query-input\":{\"@type\":\"PropertyValueSpecification\",\"valueRequired\":true,\"valueName\":\"search_term_string\"}}],\"inLanguage\":\"es\"},{\"@type\":\"Organization\",\"@id\":\"https:\/\/www.at2serveis.com\/es\/#organization\",\"name\":\"AT2 SERVEIS\",\"alternateName\":\"AT2 SERVEIS - Gesti\u00f3 en edificaci\u00f3\",\"url\":\"https:\/\/www.at2serveis.com\/es\/\",\"logo\":{\"@type\":\"ImageObject\",\"inLanguage\":\"es\",\"@id\":\"https:\/\/www.at2serveis.com\/es\/#\/schema\/logo\/image\/\",\"url\":\"https:\/\/www.at2serveis.com\/wp-content\/uploads\/2024\/11\/AT2-Serveis-Navicon.png\",\"contentUrl\":\"https:\/\/www.at2serveis.com\/wp-content\/uploads\/2024\/11\/AT2-Serveis-Navicon.png\",\"width\":512,\"height\":512,\"caption\":\"AT2 SERVEIS\"},\"image\":{\"@id\":\"https:\/\/www.at2serveis.com\/es\/#\/schema\/logo\/image\/\"}}]}<\/script>\n<!-- \/ Yoast SEO plugin. -->","yoast_head_json":{"title":"Aviso Legal | AT2 SERVEIS","robots":{"index":"noindex","follow":"follow"},"og_locale":"es_ES","og_type":"article","og_title":"Aviso Legal | AT2 SERVEIS","og_description":"Aviso legal Informaci\u00f3n de Conformidad con el art\u00edculo 10 de la LSSI La titular de esta web es: Identidad: AT2 SERVEIS GESTI\u00d3 EN EDIFICACI\u00d3 SLP NIF: B17825415 Direcci\u00f3n: C\/ Salt, 19 entresuelo A 17005 Girona Tel.: 872028723 &#8211; 640354731 &#8211; 640354993 Email:\u00a0apertegas@at2serveis.com &#8211; lluispaez.at2@gmail.com Inscrita en el Registro Mercantil de Girona, inscripci\u00f3n 1\u00aa Volumen 2204,&hellip;&nbsp;Leer m\u00e1s &raquo;Aviso Legal","og_url":"https:\/\/www.at2serveis.com\/es\/aviso-legal\/","og_site_name":"AT2 SERVEIS","article_modified_time":"2025-08-08T16:20:45+00:00","og_image":[{"width":1280,"height":720,"url":"https:\/\/www.at2serveis.com\/wp-content\/uploads\/2025\/02\/logo-at2-serveis.png","type":"image\/png"}],"twitter_card":"summary_large_image","twitter_misc":{"Tiempo de lectura":"2 minutos"},"schema":{"@context":"https:\/\/schema.org","@graph":[{"@type":"WebPage","@id":"https:\/\/www.at2serveis.com\/es\/aviso-legal\/","url":"https:\/\/www.at2serveis.com\/es\/aviso-legal\/","name":"Aviso Legal | AT2 SERVEIS","isPartOf":{"@id":"https:\/\/www.at2serveis.com\/es\/#website"},"datePublished":"2021-04-21T06:42:48+00:00","dateModified":"2025-08-08T16:20:45+00:00","breadcrumb":{"@id":"https:\/\/www.at2serveis.com\/es\/aviso-legal\/#breadcrumb"},"inLanguage":"es","potentialAction":[{"@type":"ReadAction","target":["https:\/\/www.at2serveis.com\/es\/aviso-legal\/"]}]},{"@type":"BreadcrumbList","@id":"https:\/\/www.at2serveis.com\/es\/aviso-legal\/#breadcrumb","itemListElement":[{"@type":"ListItem","position":1,"name":"Inici","item":"https:\/\/www.at2serveis.com\/es\/home\/"},{"@type":"ListItem","position":2,"name":"Aviso Legal"}]},{"@type":"WebSite","@id":"https:\/\/www.at2serveis.com\/es\/#website","url":"https:\/\/www.at2serveis.com\/es\/","name":"AT2 SERVEIS","description":"Direcci\u00f3 i gesti\u00f3 d&#039;obra","publisher":{"@id":"https:\/\/www.at2serveis.com\/es\/#organization"},"alternateName":"AT2 SERVEIS - Gesti\u00f3 en edificaci\u00f3","potentialAction":[{"@type":"SearchAction","target":{"@type":"EntryPoint","urlTemplate":"https:\/\/www.at2serveis.com\/es\/?s={search_term_string}"},"query-input":{"@type":"PropertyValueSpecification","valueRequired":true,"valueName":"search_term_string"}}],"inLanguage":"es"},{"@type":"Organization","@id":"https:\/\/www.at2serveis.com\/es\/#organization","name":"AT2 SERVEIS","alternateName":"AT2 SERVEIS - Gesti\u00f3 en edificaci\u00f3","url":"https:\/\/www.at2serveis.com\/es\/","logo":{"@type":"ImageObject","inLanguage":"es","@id":"https:\/\/www.at2serveis.com\/es\/#\/schema\/logo\/image\/","url":"https:\/\/www.at2serveis.com\/wp-content\/uploads\/2024\/11\/AT2-Serveis-Navicon.png","contentUrl":"https:\/\/www.at2serveis.com\/wp-content\/uploads\/2024\/11\/AT2-Serveis-Navicon.png","width":512,"height":512,"caption":"AT2 SERVEIS"},"image":{"@id":"https:\/\/www.at2serveis.com\/es\/#\/schema\/logo\/image\/"}}]}},"_links":{"self":[{"href":"https:\/\/www.at2serveis.com\/es\/wp-json\/wp\/v2\/pages\/1639","targetHints":{"allow":["GET"]}}],"collection":[{"href":"https:\/\/www.at2serveis.com\/es\/wp-json\/wp\/v2\/pages"}],"about":[{"href":"https:\/\/www.at2serveis.com\/es\/wp-json\/wp\/v2\/types\/page"}],"author":[{"embeddable":true,"href":"https:\/\/www.at2serveis.com\/es\/wp-json\/wp\/v2\/users\/1"}],"replies":[{"embeddable":true,"href":"https:\/\/www.at2serveis.com\/es\/wp-json\/wp\/v2\/comments?post=1639"}],"version-history":[{"count":8,"href":"https:\/\/www.at2serveis.com\/es\/wp-json\/wp\/v2\/pages\/1639\/revisions"}],"predecessor-version":[{"id":1861,"href":"https:\/\/www.at2serveis.com\/es\/wp-json\/wp\/v2\/pages\/1639\/revisions\/1861"}],"wp:attachment":[{"href":"https:\/\/www.at2serveis.com\/es\/wp-json\/wp\/v2\/media?parent=1639"}],"curies":[{"name":"wp","href":"https:\/\/api.w.org\/{rel}","templated":true}]}}